{"id":2,"date":"2024-08-27T10:48:18","date_gmt":"2024-08-27T10:48:18","guid":{"rendered":"https:\/\/balonyzhelemrybnik.pl\/?page_id=2"},"modified":"2024-08-27T14:23:53","modified_gmt":"2024-08-27T14:23:53","slug":"balonyzhelemrybnik","status":"publish","type":"page","link":"https:\/\/balonyzhelemrybnik.pl\/index.php\/balonyzhelemrybnik\/","title":{"rendered":"Kontakt z nami"},"content":{"rendered":"<p style=\"text-align: center;\">Nasz adres:<\/p>\n<p style=\"text-align: center;\">KR\u00d3L BALON\u00d3W &#8211; BALONY Z HELEM RYBNIK<\/p>\n<p style=\"text-align: center;\">Plac Ko\u015bcielny 2<\/p>\n<p style=\"text-align: center;\">44-200 Rybnik<\/p>\n<p style=\"text-align: center;\">tel. 883 644 900<\/p>\n<p style=\"text-align: center;\">whatsapp 881 168 861<\/p>\n<p style=\"text-align: center;\">email:\u00a0 balonyzhelem1@gmail.com<\/p>\n<p>&nbsp;<\/p>\n<p>#<a href=\"http:\/\/www.balonyzhelemrybnik.pl\">balony z helem<\/a> #balony z helem rybnik #<a href=\"http:\/\/www.balonyzhelemrybnik.pl\">balony rybnik<\/a> #hel do balon\u00f3w #<a href=\"http:\/\/www.balonyzhelemrybnik.pl\">hel do balon\u00f3w rybnik<\/a><\/p>\n","protected":false},"excerpt":{"rendered":"<p>Nasz adres: KR\u00d3L BALON\u00d3W &#8211; BALONY Z HELEM RYBNIK Plac Ko\u015bcielny 2 44-200 Rybnik tel. 883 644 900 whatsapp 881 168 861 email:\u00a0 balonyzhelem1@gmail.com &nbsp; #balony z helem #balony z helem rybnik #balony rybnik #hel do balon\u00f3w #hel do balon\u00f3w rybnik<\/p>\n","protected":false},"author":1,"featured_media":0,"parent":0,"menu_order":0,"comment_status":"closed","ping_status":"open","template":"","meta":{"_monsterinsights_skip_tracking":false,"_monsterinsights_sitenote_active":false,"_monsterinsights_sitenote_note":"","_monsterinsights_sitenote_category":0,"footnotes":""},"class_list":["post-2","page","type-page","status-publish","hentry"],"aioseo_notices":[],"_links":{"self":[{"href":"https:\/\/balonyzhelemrybnik.pl\/index.php\/wp-json\/wp\/v2\/pages\/2","targetHints":{"allow":["GET"]}}],"collection":[{"href":"https:\/\/balonyzhelemrybnik.pl\/index.php\/wp-json\/wp\/v2\/pages"}],"about":[{"href":"https:\/\/balonyzhelemrybnik.pl\/index.php\/wp-json\/wp\/v2\/types\/page"}],"author":[{"embeddable":true,"href":"https:\/\/balonyzhelemrybnik.pl\/index.php\/wp-json\/wp\/v2\/users\/1"}],"replies":[{"embeddable":true,"href":"https:\/\/balonyzhelemrybnik.pl\/index.php\/wp-json\/wp\/v2\/comments?post=2"}],"version-history":[{"count":4,"href":"https:\/\/balonyzhelemrybnik.pl\/index.php\/wp-json\/wp\/v2\/pages\/2\/revisions"}],"predecessor-version":[{"id":51,"href":"https:\/\/balonyzhelemrybnik.pl\/index.php\/wp-json\/wp\/v2\/pages\/2\/revisions\/51"}],"wp:attachment":[{"href":"https:\/\/balonyzhelemrybnik.pl\/index.php\/wp-json\/wp\/v2\/media?parent=2"}],"curies":[{"name":"wp","href":"https:\/\/api.w.org\/{rel}","templated":true}]}}